{"id":2914,"date":"2024-05-24T14:33:06","date_gmt":"2024-05-24T18:33:06","guid":{"rendered":"https:\/\/mantrapharma.hamakmarketingnumerique.com\/accueil\/"},"modified":"2025-12-01T12:00:32","modified_gmt":"2025-12-01T16:00:32","slug":"pharmaceutical-products-supplier-in-canada","status":"publish","type":"page","link":"https:\/\/www.mantrapharma.ca\/en\/","title":{"rendered":"Homepage"},"content":{"rendered":"","protected":false},"excerpt":{"rendered":"","protected":false},"author":2,"featured_media":4078,"parent":0,"menu_order":0,"comment_status":"closed","ping_status":"closed","template":"page-templates\/template-frontpage.php","meta":{"_acf_changed":false,"footnotes":""},"class_list":["post-2914","page","type-page","status-publish","has-post-thumbnail","hentry"],"acf":{"hero_subtitle":"Mantra Pharma","hero_title":"We help provide better care.","hero_text":"<p>We are a pharmaceutical company that markets its own products as well as those of its partners. Our product portfolio includes prescription and over-the-counter drugs, as well as natural health products and supplements. Our sales representatives meet with pharmacists, doctors, pharmacy managers and a range of other healthcare professionals. We stand out because of our comprehensive range of practical and personalized professional services.<\/p>\n","hero_img":2245,"hero_bubbles":false,"hero_btn_1":{"title":"Our products","url":"https:\/\/www.mantrapharma.ca\/en\/our-products\/","target":""},"hero_btn_2":{"title":"Our professionals services","url":"https:\/\/www.mantrapharma.ca\/en\/professionals-services\/","target":""},"featured_subtitle":"News & Highlights","featured_title":"Updates","featured_list":[{"affichage":"title_image","icone":4180,"titre":"New service - Talent Integration Coaching","image":5781,"url":"https:\/\/www.mantrapharma.ca\/en\/services\/talent-integration-coaching\/"},{"affichage":"title_image_bg","icone":4180,"titre":"New Representation Agreements for Myriad Pharma: Laboratoire Modilac and La ligne J\u2019ARR\u00caTE","image":4296,"url":"https:\/\/www.mantrapharma.ca\/en\/2025\/03\/17\/new-representation-agreements-for-myriad-pharma-laboratoire-modilac-and-la-ligne-jarrete\/"},{"affichage":"title_image_bg","icone":4178,"titre":"Keep up with our latest webinars and podcast episodes for healthcare professionals","image":4296,"url":"https:\/\/www.mantrapharma.ca\/en\/podcasts-and-webinars\/"},{"affichage":"title_icon","icone":4178,"titre":"Mantra Pharma announces the upcoming launch of M-METFORMIN, an addition to its generic range.","image":4725,"url":"https:\/\/www.mantrapharma.ca\/en\/2025\/01\/20\/launch-m-metformin-1000-mg\/"},{"affichage":"title_image_bg","icone":4172,"titre":"How to start integrating professional activities in your practice? Discover our new service \u201cOne activity at a time\u201d","image":4725,"url":"https:\/\/www.mantrapharma.ca\/en\/professionals-services\/#Clinical-expertise"},{"affichage":"title_icon","icone":4172,"titre":" An innovative solution for optimal management of dyslipidemia now available","image":3540,"url":"https:\/\/www.mantrapharma.ca\/en\/2024\/01\/05\/an-innovative-solution-for-optimal-management-of-dyslipidemia-now-available\/"}],"expertise_icone":2917,"expertise_subtitle":"Our core expertise","expertise_title":"Generic drugs","expertise_text":"<p>Our generic drugs contain the same active ingredients as brand-name products and meet the same rigorous Health Canada quality standards. We are firmly committed to ensuring that all our products are effective and safe.<\/p>\n","expertise_btn":{"title":"Our products","url":"https:\/\/www.mantrapharma.ca\/en\/our-products\/","target":""},"expertise_img":2191,"services_subtitle":"","services_title":"Our professionals services","services_list":[{"title":"Clinical expertise","img":2236,"text":"<p>Our consulting services cover everything from pharmacy consultation services (clinical expertise) to organization of work and pharmacy profitability (organizational expertise).<\/p>\n<p>To ensure that our training programs are comprehensive, practical and personalized, we have set up three advisory committees: a first with pharmacist-owners, a second with salaried pharmacists, and a third with general practitioners and specialists. This enables our team of experts to create content and training programs that cater to the changing needs of healthcare professionals.<\/p>\n","bouton":{"title":"See our services","url":"https:\/\/www.mantrapharma.ca\/en\/professionals-services\/#Clinical-expertise","target":""}},{"title":"Organizational expertise","img":2242,"text":"<p>As a result of legislative changes, pharmacies must adjust their business practices. Our experts are there to advise and support you on a range of topics including the medication circuit, privacy protection laws or professional activities reserved to pharmacists.<\/p>\n","bouton":{"title":"See our services","url":"https:\/\/www.mantrapharma.ca\/en\/professionals-services\/#Organizational-expertise","target":""}}],"become_partner_subtitle":"Sur les tablettes","become_partner_title":"Myriad Pharma","become_partner_text_left":"<p>Myriad Pharma, une division de Mantra Pharma, se sp\u00e9cialise dans le courtage et la commercialisation de produits en vente libre en pharmacie. Elle offre aux entreprises l\u2019acc\u00e8s \u00e0 son r\u00e9seau de pharmacies, optimisant ainsi la visibilit\u00e9 et le positionnement de leurs gammes de produits sur le march\u00e9.<\/p>\n","become_partner_btn":{"title":"Distribuez vos produits en pharmacie ","url":"https:\/\/www.mantrapharma.ca\/contact\/","target":""},"career_subtitle":"Careers","career_title":"We hire the very best","career_text_right":"<p>As a result of our sustained growth, there are constantly new opportunities to join a professional, dynamic and friendly team.<\/p>\n","career_btn":{"title":"Work at Mantra","url":"https:\/\/www.mantrapharma.ca\/en\/careers\/","target":""},"career_list":"","become_partner_text_right":"<p>Laissez notre \u00e9quipe <strong>g\u00e9rer<\/strong> la <strong>visibilit\u00e9<\/strong>, les <strong>commandes<\/strong>, les questions et les retours de vos <strong>produits<\/strong> \u00e0 travers<strong> toutes les pharmacies du Qu\u00e9bec.<\/strong><\/p>\n","become_partner_show":false,"show_about":true,"about_subtitle":"On the shelves","about_title":"Myriad Pharma","about_text":"<p>Myriad Pharma, a division of Mantra Pharma, specializes in brokering and marketing over-the-counter (OTC) pharmacy products. Myriad gives companies access to its network of pharmacies so they can optimize their product ranges\u2019 visibility and market positioning.<\/p>\n","about_img":2399,"career_img":2430,"show_":false,"about_btn":{"title":"Learn more","url":"https:\/\/www.mantrapharma.ca\/en\/myriad-en\/","target":""}},"yoast_head":"<!-- This site is optimized with the Yoast SEO plugin v26.9 - https:\/\/yoast.com\/product\/yoast-seo-wordpress\/ -->\n<title>Pharmaceutical products supplier in Canada | Mantra Pharma<\/title>\n<meta name=\"description\" content=\"Mantra Pharma markets prescription drugs, natural health products and provide professional training programs to healthcare professionals.\" \/>\n<meta name=\"robots\" content=\"index, follow, max-snippet:-1, max-image-preview:large, max-video-preview:-1\" \/>\n<link rel=\"canonical\" href=\"https:\/\/www.mantrapharma.ca\/en\/\" \/>\n<meta property=\"og:locale\" content=\"en_US\" \/>\n<meta property=\"og:type\" content=\"article\" \/>\n<meta property=\"og:title\" content=\"Pharmaceutical products supplier in Canada | Mantra Pharma\" \/>\n<meta property=\"og:description\" content=\"Mantra Pharma markets prescription drugs, natural health products and provide professional training programs to healthcare professionals.\" \/>\n<meta property=\"og:url\" content=\"https:\/\/www.mantrapharma.ca\/en\/\" \/>\n<meta property=\"og:site_name\" content=\"Mantra Pharma\" \/>\n<meta property=\"article:publisher\" content=\"https:\/\/www.facebook.com\/mantrapharma\/\" \/>\n<meta property=\"article:modified_time\" content=\"2025-12-01T16:00:32+00:00\" \/>\n<meta property=\"og:image\" content=\"https:\/\/www.mantrapharma.ca\/wp-content\/uploads\/2024\/10\/A-la-une-fond-bleu-1.png\" \/>\n\t<meta property=\"og:image:width\" content=\"425\" \/>\n\t<meta property=\"og:image:height\" content=\"480\" \/>\n\t<meta property=\"og:image:type\" content=\"image\/png\" \/>\n<meta name=\"twitter:card\" content=\"summary_large_image\" \/>\n<meta name=\"twitter:label1\" content=\"Est. reading time\" \/>\n\t<meta name=\"twitter:data1\" content=\"1 minute\" \/>\n<script type=\"application\/ld+json\" class=\"yoast-schema-graph\">{\"@context\":\"https:\/\/schema.org\",\"@graph\":[{\"@type\":\"WebPage\",\"@id\":\"https:\/\/www.mantrapharma.ca\/en\/\",\"url\":\"https:\/\/www.mantrapharma.ca\/en\/\",\"name\":\"Pharmaceutical products supplier in Canada | Mantra Pharma\",\"isPartOf\":{\"@id\":\"https:\/\/www.mantrapharma.ca\/#website\"},\"primaryImageOfPage\":{\"@id\":\"https:\/\/www.mantrapharma.ca\/en\/#primaryimage\"},\"image\":{\"@id\":\"https:\/\/www.mantrapharma.ca\/en\/#primaryimage\"},\"thumbnailUrl\":\"https:\/\/www.mantrapharma.ca\/wp-content\/uploads\/2024\/10\/A-la-une-fond-bleu-1.png\",\"datePublished\":\"2024-05-24T18:33:06+00:00\",\"dateModified\":\"2025-12-01T16:00:32+00:00\",\"description\":\"Mantra Pharma markets prescription drugs, natural health products and provide professional training programs to healthcare professionals.\",\"breadcrumb\":{\"@id\":\"https:\/\/www.mantrapharma.ca\/en\/#breadcrumb\"},\"inLanguage\":\"en-US\",\"potentialAction\":[{\"@type\":\"ReadAction\",\"target\":[\"https:\/\/www.mantrapharma.ca\/en\/\"]}]},{\"@type\":\"ImageObject\",\"inLanguage\":\"en-US\",\"@id\":\"https:\/\/www.mantrapharma.ca\/en\/#primaryimage\",\"url\":\"https:\/\/www.mantrapharma.ca\/wp-content\/uploads\/2024\/10\/A-la-une-fond-bleu-1.png\",\"contentUrl\":\"https:\/\/www.mantrapharma.ca\/wp-content\/uploads\/2024\/10\/A-la-une-fond-bleu-1.png\",\"width\":425,\"height\":480},{\"@type\":\"BreadcrumbList\",\"@id\":\"https:\/\/www.mantrapharma.ca\/en\/#breadcrumb\",\"itemListElement\":[{\"@type\":\"ListItem\",\"position\":1,\"name\":\"Accueil\",\"item\":\"https:\/\/www.mantrapharma.ca\/en\/\"},{\"@type\":\"ListItem\",\"position\":2,\"name\":\"Homepage\"}]},{\"@type\":\"WebSite\",\"@id\":\"https:\/\/www.mantrapharma.ca\/#website\",\"url\":\"https:\/\/www.mantrapharma.ca\/\",\"name\":\"Mantra Pharma\",\"description\":\"Pour aider \u00e0 mieux soigner les gens.\",\"publisher\":{\"@id\":\"https:\/\/www.mantrapharma.ca\/#organization\"},\"potentialAction\":[{\"@type\":\"SearchAction\",\"target\":{\"@type\":\"EntryPoint\",\"urlTemplate\":\"https:\/\/www.mantrapharma.ca\/?s={search_term_string}\"},\"query-input\":{\"@type\":\"PropertyValueSpecification\",\"valueRequired\":true,\"valueName\":\"search_term_string\"}}],\"inLanguage\":\"en-US\"},{\"@type\":\"Organization\",\"@id\":\"https:\/\/www.mantrapharma.ca\/#organization\",\"name\":\"Mantra Pharma\",\"url\":\"https:\/\/www.mantrapharma.ca\/\",\"logo\":{\"@type\":\"ImageObject\",\"inLanguage\":\"en-US\",\"@id\":\"https:\/\/www.mantrapharma.ca\/#\/schema\/logo\/image\/\",\"url\":\"https:\/\/www.mantrapharma.ca\/wp-content\/uploads\/2024\/02\/Calque_3.svg\",\"contentUrl\":\"https:\/\/www.mantrapharma.ca\/wp-content\/uploads\/2024\/02\/Calque_3.svg\",\"width\":1,\"height\":1,\"caption\":\"Mantra Pharma\"},\"image\":{\"@id\":\"https:\/\/www.mantrapharma.ca\/#\/schema\/logo\/image\/\"},\"sameAs\":[\"https:\/\/www.facebook.com\/mantrapharma\/\",\"https:\/\/www.linkedin.com\/company\/mantrapharma\/\"]}]}<\/script>\n<!-- \/ Yoast SEO plugin. -->","yoast_head_json":{"title":"Pharmaceutical products supplier in Canada | Mantra Pharma","description":"Mantra Pharma markets prescription drugs, natural health products and provide professional training programs to healthcare professionals.","robots":{"index":"index","follow":"follow","max-snippet":"max-snippet:-1","max-image-preview":"max-image-preview:large","max-video-preview":"max-video-preview:-1"},"canonical":"https:\/\/www.mantrapharma.ca\/en\/","og_locale":"en_US","og_type":"article","og_title":"Pharmaceutical products supplier in Canada | Mantra Pharma","og_description":"Mantra Pharma markets prescription drugs, natural health products and provide professional training programs to healthcare professionals.","og_url":"https:\/\/www.mantrapharma.ca\/en\/","og_site_name":"Mantra Pharma","article_publisher":"https:\/\/www.facebook.com\/mantrapharma\/","article_modified_time":"2025-12-01T16:00:32+00:00","og_image":[{"width":425,"height":480,"url":"https:\/\/www.mantrapharma.ca\/wp-content\/uploads\/2024\/10\/A-la-une-fond-bleu-1.png","type":"image\/png"}],"twitter_card":"summary_large_image","twitter_misc":{"Est. reading time":"1 minute"},"schema":{"@context":"https:\/\/schema.org","@graph":[{"@type":"WebPage","@id":"https:\/\/www.mantrapharma.ca\/en\/","url":"https:\/\/www.mantrapharma.ca\/en\/","name":"Pharmaceutical products supplier in Canada | Mantra Pharma","isPartOf":{"@id":"https:\/\/www.mantrapharma.ca\/#website"},"primaryImageOfPage":{"@id":"https:\/\/www.mantrapharma.ca\/en\/#primaryimage"},"image":{"@id":"https:\/\/www.mantrapharma.ca\/en\/#primaryimage"},"thumbnailUrl":"https:\/\/www.mantrapharma.ca\/wp-content\/uploads\/2024\/10\/A-la-une-fond-bleu-1.png","datePublished":"2024-05-24T18:33:06+00:00","dateModified":"2025-12-01T16:00:32+00:00","description":"Mantra Pharma markets prescription drugs, natural health products and provide professional training programs to healthcare professionals.","breadcrumb":{"@id":"https:\/\/www.mantrapharma.ca\/en\/#breadcrumb"},"inLanguage":"en-US","potentialAction":[{"@type":"ReadAction","target":["https:\/\/www.mantrapharma.ca\/en\/"]}]},{"@type":"ImageObject","inLanguage":"en-US","@id":"https:\/\/www.mantrapharma.ca\/en\/#primaryimage","url":"https:\/\/www.mantrapharma.ca\/wp-content\/uploads\/2024\/10\/A-la-une-fond-bleu-1.png","contentUrl":"https:\/\/www.mantrapharma.ca\/wp-content\/uploads\/2024\/10\/A-la-une-fond-bleu-1.png","width":425,"height":480},{"@type":"BreadcrumbList","@id":"https:\/\/www.mantrapharma.ca\/en\/#breadcrumb","itemListElement":[{"@type":"ListItem","position":1,"name":"Accueil","item":"https:\/\/www.mantrapharma.ca\/en\/"},{"@type":"ListItem","position":2,"name":"Homepage"}]},{"@type":"WebSite","@id":"https:\/\/www.mantrapharma.ca\/#website","url":"https:\/\/www.mantrapharma.ca\/","name":"Mantra Pharma","description":"Pour aider \u00e0 mieux soigner les gens.","publisher":{"@id":"https:\/\/www.mantrapharma.ca\/#organization"},"potentialAction":[{"@type":"SearchAction","target":{"@type":"EntryPoint","urlTemplate":"https:\/\/www.mantrapharma.ca\/?s={search_term_string}"},"query-input":{"@type":"PropertyValueSpecification","valueRequired":true,"valueName":"search_term_string"}}],"inLanguage":"en-US"},{"@type":"Organization","@id":"https:\/\/www.mantrapharma.ca\/#organization","name":"Mantra Pharma","url":"https:\/\/www.mantrapharma.ca\/","logo":{"@type":"ImageObject","inLanguage":"en-US","@id":"https:\/\/www.mantrapharma.ca\/#\/schema\/logo\/image\/","url":"https:\/\/www.mantrapharma.ca\/wp-content\/uploads\/2024\/02\/Calque_3.svg","contentUrl":"https:\/\/www.mantrapharma.ca\/wp-content\/uploads\/2024\/02\/Calque_3.svg","width":1,"height":1,"caption":"Mantra Pharma"},"image":{"@id":"https:\/\/www.mantrapharma.ca\/#\/schema\/logo\/image\/"},"sameAs":["https:\/\/www.facebook.com\/mantrapharma\/","https:\/\/www.linkedin.com\/company\/mantrapharma\/"]}]}},"_links":{"self":[{"href":"https:\/\/www.mantrapharma.ca\/en\/wp-json\/wp\/v2\/pages\/2914","targetHints":{"allow":["GET"]}}],"collection":[{"href":"https:\/\/www.mantrapharma.ca\/en\/wp-json\/wp\/v2\/pages"}],"about":[{"href":"https:\/\/www.mantrapharma.ca\/en\/wp-json\/wp\/v2\/types\/page"}],"author":[{"embeddable":true,"href":"https:\/\/www.mantrapharma.ca\/en\/wp-json\/wp\/v2\/users\/2"}],"replies":[{"embeddable":true,"href":"https:\/\/www.mantrapharma.ca\/en\/wp-json\/wp\/v2\/comments?post=2914"}],"version-history":[{"count":40,"href":"https:\/\/www.mantrapharma.ca\/en\/wp-json\/wp\/v2\/pages\/2914\/revisions"}],"predecessor-version":[{"id":5786,"href":"https:\/\/www.mantrapharma.ca\/en\/wp-json\/wp\/v2\/pages\/2914\/revisions\/5786"}],"wp:featuredmedia":[{"embeddable":true,"href":"https:\/\/www.mantrapharma.ca\/en\/wp-json\/wp\/v2\/media\/4078"}],"wp:attachment":[{"href":"https:\/\/www.mantrapharma.ca\/en\/wp-json\/wp\/v2\/media?parent=2914"}],"curies":[{"name":"wp","href":"https:\/\/api.w.org\/{rel}","templated":true}]}}