{"id":3001,"date":"2024-02-14T14:35:22","date_gmt":"2024-02-14T18:35:22","guid":{"rendered":"https:\/\/mantrapharma.hamakmarketingnumerique.com\/webinaires-balados\/"},"modified":"2026-01-12T15:43:26","modified_gmt":"2026-01-12T19:43:26","slug":"podcasts-and-webinars","status":"publish","type":"page","link":"https:\/\/www.mantrapharma.ca\/en\/podcasts-and-webinars\/","title":{"rendered":"Podcasts and webinars"},"content":{"rendered":"","protected":false},"excerpt":{"rendered":"","protected":false},"author":2,"featured_media":0,"parent":0,"menu_order":7,"comment_status":"closed","ping_status":"closed","template":"page-templates\/template-webinars-balados.php","meta":{"_acf_changed":false,"footnotes":""},"class_list":["post-3001","page","type-page","status-publish","hentry"],"acf":{"intro_title":"Continuing medical education for healthcare professionals","intro_text":"<p>Mantra Pharma offers online webinar training sessions that cover topics such as osteoporosis prevention and dyslipidemia. We also produce podcasts that focus on basic notions for optimal health, such as why we should take calcium, vitamin D, statins, phytosterols and more.<\/p>\n<p>Since 2021, over 5,400 healthcare professionals have registered for our osteoporosis and nutrition webinars. To help provide better care, recognized specialists in their field share the latest scientific advances.<\/p>\n","webinars_subtitle":"Webinars","webinars_title":"Our upcoming webinars","balados_title":"Podcasts","balados_list":[{"series_title":"A Closer Look: Focus on Health","series_text":"<p>This podcast series was created to provide healthcare professionals with the latest scientific information in a new format. The 10- to 30-minute episodes deep dive into various topics with input from seasoned speakers. You will hear from oncologists, surgeons, rheumatologists, nutritionists and other specialists.<\/p>\n","series_platforms":[{"title":"Spotify","logo":3012,"link":"https:\/\/open.spotify.com\/show\/3DeoFj7TfAttwBvxPM0J5I?si=d0c9c5b9aef54f42&nd=1"},{"title":"QUB radio","logo":3011,"link":"https:\/\/www.qub.ca\/radio\/balado\/mantra-pharma"},{"title":"Apple Balados","logo":3009,"link":"https:\/\/podcasts.apple.com\/ca\/podcast\/sous-la-loupe-la-sant%C3%A9-osseuse\/id1605977894"}],"series_episode":[{"episode_number":"11","episode_title":"Les lignes directrices d'Ost\u00e9oporose (Partie 2)","iframe":"<iframe src=\"https:\/\/omny.fm\/shows\/sous-la-loupe-la-sante-osseuse\/les-lignes-directrices-d-ost-oporose-canada\/embed\" allow=\"autoplay; clipboard-write\" width=\"100%\" height=\"180\" frameborder=\"0\" title=\"Les lignes directrices d\u2019Ost\u00e9oporose Canada\"><\/iframe>"},{"episode_number":"10","episode_title":"Ph\u00e9nom\u00e8nes phosphocalciques (Partie 1)","iframe":"<iframe src=\"https:\/\/omny.fm\/shows\/sous-la-loupe-la-sante-osseuse\/les-ph-nom-nes-phosphocalciques\/embed\" allow=\"autoplay; clipboard-write\" width=\"100%\" height=\"180\" frameborder=\"0\" title=\"Les ph\u00e9nom\u00e8nes phosphocalciques\"><\/iframe>"},{"episode_number":"9","episode_title":"Dyslipid\u00e9mie, d\u00e9mystifi\u00e9e","iframe":"<iframe src=\"https:\/\/omny.fm\/shows\/sous-la-loupe-la-sante-osseuse\/dyslipid-mie-d-mystifi-e\/embed\" allow=\"autoplay; clipboard-write\" width=\"100%\" height=\"180\" frameborder=\"0\" title=\"Dyslipid\u00e9mie, d\u00e9mystifi\u00e9e\"><\/iframe>"},{"episode_number":"8","episode_title":"Les faits sur la vitamine D et le calcium","iframe":"<iframe src=\"https:\/\/omny.fm\/shows\/sous-la-loupe-la-sante-osseuse\/les-faits-sur-la-vitamine-d-et-le-calcium\/embed\" allow=\"autoplay; clipboard-write\" width=\"100%\" height=\"140\" frameborder=\"0\" title=\"Les faits sur la vitamine D et le calcium\"><\/iframe>"},{"episode_number":"7","episode_title":"Sant\u00e9 cardiovasculaire\u202f: les bonnes habitudes au c\u0153ur de la pr\u00e9vention","iframe":"<iframe src=\"https:\/\/omny.fm\/shows\/sous-la-loupe-la-sante-osseuse\/sant-cardiovasculaire-les-bonnes-habitudes-au-c-ur\/embed\" allow=\"autoplay; clipboard-write\" width=\"100%\" height=\"140\" frameborder=\"0\" title=\"Sant\u00e9 cardiovasculaire\u202f: les bonnes habitudes au c\u0153ur de la pr\u00e9vention\"><\/iframe>"},{"episode_number":"6","episode_title":"Chirurgie bariatrique : comment \u00e9viter les carences ?","iframe":"<iframe src=\"https:\/\/omny.fm\/shows\/sous-la-loupe-la-sante-osseuse\/chirurgie-bariatrique-comment-viter-les-carences\/embed\" allow=\"autoplay; clipboard-write\" width=\"100%\" height=\"140\" frameborder=\"0\" title=\"Chirurgie bariatrique : comment \u00e9viter les carences?\"><\/iframe>"},{"episode_number":"5","episode_title":"Cancer du sein et sant\u00e9 osseuse","iframe":"<iframe src=\"https:\/\/omny.fm\/shows\/sous-la-loupe-la-sante-osseuse\/cancer-du-sein-et-sant-osseuse\/embed\" allow=\"autoplay; clipboard-write\" width=\"100%\" height=\"140\" frameborder=\"0\" title=\"Cancer du sein et sant\u00e9 osseuse\"><\/iframe> "},{"episode_number":"4","episode_title":"Sant\u00e9 osseuse, ce que la nutritionniste peut faire","iframe":"<iframe title=\"Sant\u00e9 osseuse, ce que la nutritionniste peut faire\" src=\"https:\/\/omny.fm\/shows\/sous-la-loupe-la-sante-osseuse\/sant-osseuse-ce-que-la-nutritionniste-peut-faire\/embed\" width=\"100%\" height=\"140\" frameborder=\"0\"><\/iframe>"},{"episode_number":"3","episode_title":"Vitamine D et toxicit\u00e9","iframe":"<iframe title=\"Vitamine D et toxicit\u00e9\" src=\"https:\/\/omny.fm\/shows\/sous-la-loupe-la-sante-osseuse\/vitamine-d-et-toxicit\/embed\" width=\"100%\" height=\"140\" frameborder=\"0\"><\/iframe>"},{"episode_number":"2","episode_title":"Pharmacien, loi 31 et choix de calcium","iframe":"<iframe title=\"Pharmacien loi 31 et choix de calcium\" src=\"https:\/\/omny.fm\/shows\/sous-la-loupe-la-sante-osseuse\/pharmacien-loi-31-et-choix-de-calcium\/embed\" width=\"100%\" height=\"140\" frameborder=\"0\"><\/iframe>"},{"episode_number":"1","episode_title":"Le calcium et l'achlorhydrie","iframe":"<iframe title=\"Le calcium et l'achlorhydrie\" src=\"https:\/\/omny.fm\/shows\/sous-la-loupe-la-sante-osseuse\/le-calcium-et-l-achlorhydrie\/embed\" width=\"100%\" height=\"140\" frameborder=\"0\"><\/iframe>"}]}],"newsletters_subtitle":"OUR CONTENTS","newsletters_title":"Want to know more?","newsletters_text":"<p>Would you like to attend one of our training courses on the topics listed below? Fill in the form to receive an e-mail alert when our next dates are released.<\/p>\n","newsletters_form":"[gravityform id=\"6\" title=\"false\" ajax=\"true\"]","product_advertising":{"subtitle":"Bone health","title":"mcal : Calcium in all its forms","text":"<p>Mantra, an expert in the field of calcium supplements, is proud to offer mcal, a complete range of calcium supplements. A variety of formats are available with or without vitamin D, in tablet (carbonate) or liquid (citrate) form. A variety of grades are also available. Our family of supplements has proven over the years how effective it is, and it continues to evolve. Discover the best choice of calcium supplements for your patients.<\/p>\n","img":5969,"btn":{"title":"mcal","url":"https:\/\/www.mantrapharma.ca\/en\/brands\/mcal\/","target":""}},"show_":false,"intro_subtitle":"Podcasts and webinars","upcoming_subtitle":"Live","always_subtitle":"On-Demand","upcoming_title":"Upcoming webinars","always_title":"Continuing Education"},"yoast_head":"<!-- This site is optimized with the Yoast SEO plugin v26.9 - https:\/\/yoast.com\/product\/yoast-seo-wordpress\/ -->\n<title>Pharmaceutical webinars | Mantra Pharma<\/title>\n<meta name=\"robots\" content=\"index, follow, max-snippet:-1, max-image-preview:large, max-video-preview:-1\" \/>\n<link rel=\"canonical\" href=\"https:\/\/www.mantrapharma.ca\/en\/podcasts-and-webinars\/\" \/>\n<meta property=\"og:locale\" content=\"en_US\" \/>\n<meta property=\"og:type\" content=\"article\" \/>\n<meta property=\"og:title\" content=\"Pharmaceutical webinars | Mantra Pharma\" \/>\n<meta property=\"og:url\" content=\"https:\/\/www.mantrapharma.ca\/en\/podcasts-and-webinars\/\" \/>\n<meta property=\"og:site_name\" content=\"Mantra Pharma\" \/>\n<meta property=\"article:publisher\" content=\"https:\/\/www.facebook.com\/mantrapharma\/\" \/>\n<meta property=\"article:modified_time\" content=\"2026-01-12T19:43:26+00:00\" \/>\n<meta name=\"twitter:card\" content=\"summary_large_image\" \/>\n<script type=\"application\/ld+json\" class=\"yoast-schema-graph\">{\"@context\":\"https:\/\/schema.org\",\"@graph\":[{\"@type\":\"WebPage\",\"@id\":\"https:\/\/www.mantrapharma.ca\/en\/podcasts-and-webinars\/\",\"url\":\"https:\/\/www.mantrapharma.ca\/en\/podcasts-and-webinars\/\",\"name\":\"Pharmaceutical webinars | Mantra Pharma\",\"isPartOf\":{\"@id\":\"https:\/\/www.mantrapharma.ca\/#website\"},\"datePublished\":\"2024-02-14T18:35:22+00:00\",\"dateModified\":\"2026-01-12T19:43:26+00:00\",\"breadcrumb\":{\"@id\":\"https:\/\/www.mantrapharma.ca\/en\/podcasts-and-webinars\/#breadcrumb\"},\"inLanguage\":\"en-US\",\"potentialAction\":[{\"@type\":\"ReadAction\",\"target\":[\"https:\/\/www.mantrapharma.ca\/en\/podcasts-and-webinars\/\"]}]},{\"@type\":\"BreadcrumbList\",\"@id\":\"https:\/\/www.mantrapharma.ca\/en\/podcasts-and-webinars\/#breadcrumb\",\"itemListElement\":[{\"@type\":\"ListItem\",\"position\":1,\"name\":\"Accueil\",\"item\":\"https:\/\/www.mantrapharma.ca\/en\/\"},{\"@type\":\"ListItem\",\"position\":2,\"name\":\"Podcasts and webinars\"}]},{\"@type\":\"WebSite\",\"@id\":\"https:\/\/www.mantrapharma.ca\/#website\",\"url\":\"https:\/\/www.mantrapharma.ca\/\",\"name\":\"Mantra Pharma\",\"description\":\"Pour aider \u00e0 mieux soigner les gens.\",\"publisher\":{\"@id\":\"https:\/\/www.mantrapharma.ca\/#organization\"},\"potentialAction\":[{\"@type\":\"SearchAction\",\"target\":{\"@type\":\"EntryPoint\",\"urlTemplate\":\"https:\/\/www.mantrapharma.ca\/?s={search_term_string}\"},\"query-input\":{\"@type\":\"PropertyValueSpecification\",\"valueRequired\":true,\"valueName\":\"search_term_string\"}}],\"inLanguage\":\"en-US\"},{\"@type\":\"Organization\",\"@id\":\"https:\/\/www.mantrapharma.ca\/#organization\",\"name\":\"Mantra Pharma\",\"url\":\"https:\/\/www.mantrapharma.ca\/\",\"logo\":{\"@type\":\"ImageObject\",\"inLanguage\":\"en-US\",\"@id\":\"https:\/\/www.mantrapharma.ca\/#\/schema\/logo\/image\/\",\"url\":\"https:\/\/www.mantrapharma.ca\/wp-content\/uploads\/2024\/02\/Calque_3.svg\",\"contentUrl\":\"https:\/\/www.mantrapharma.ca\/wp-content\/uploads\/2024\/02\/Calque_3.svg\",\"width\":1,\"height\":1,\"caption\":\"Mantra Pharma\"},\"image\":{\"@id\":\"https:\/\/www.mantrapharma.ca\/#\/schema\/logo\/image\/\"},\"sameAs\":[\"https:\/\/www.facebook.com\/mantrapharma\/\",\"https:\/\/www.linkedin.com\/company\/mantrapharma\/\"]}]}<\/script>\n<!-- \/ Yoast SEO plugin. -->","yoast_head_json":{"title":"Pharmaceutical webinars | Mantra Pharma","robots":{"index":"index","follow":"follow","max-snippet":"max-snippet:-1","max-image-preview":"max-image-preview:large","max-video-preview":"max-video-preview:-1"},"canonical":"https:\/\/www.mantrapharma.ca\/en\/podcasts-and-webinars\/","og_locale":"en_US","og_type":"article","og_title":"Pharmaceutical webinars | Mantra Pharma","og_url":"https:\/\/www.mantrapharma.ca\/en\/podcasts-and-webinars\/","og_site_name":"Mantra Pharma","article_publisher":"https:\/\/www.facebook.com\/mantrapharma\/","article_modified_time":"2026-01-12T19:43:26+00:00","twitter_card":"summary_large_image","schema":{"@context":"https:\/\/schema.org","@graph":[{"@type":"WebPage","@id":"https:\/\/www.mantrapharma.ca\/en\/podcasts-and-webinars\/","url":"https:\/\/www.mantrapharma.ca\/en\/podcasts-and-webinars\/","name":"Pharmaceutical webinars | Mantra Pharma","isPartOf":{"@id":"https:\/\/www.mantrapharma.ca\/#website"},"datePublished":"2024-02-14T18:35:22+00:00","dateModified":"2026-01-12T19:43:26+00:00","breadcrumb":{"@id":"https:\/\/www.mantrapharma.ca\/en\/podcasts-and-webinars\/#breadcrumb"},"inLanguage":"en-US","potentialAction":[{"@type":"ReadAction","target":["https:\/\/www.mantrapharma.ca\/en\/podcasts-and-webinars\/"]}]},{"@type":"BreadcrumbList","@id":"https:\/\/www.mantrapharma.ca\/en\/podcasts-and-webinars\/#breadcrumb","itemListElement":[{"@type":"ListItem","position":1,"name":"Accueil","item":"https:\/\/www.mantrapharma.ca\/en\/"},{"@type":"ListItem","position":2,"name":"Podcasts and webinars"}]},{"@type":"WebSite","@id":"https:\/\/www.mantrapharma.ca\/#website","url":"https:\/\/www.mantrapharma.ca\/","name":"Mantra Pharma","description":"Pour aider \u00e0 mieux soigner les gens.","publisher":{"@id":"https:\/\/www.mantrapharma.ca\/#organization"},"potentialAction":[{"@type":"SearchAction","target":{"@type":"EntryPoint","urlTemplate":"https:\/\/www.mantrapharma.ca\/?s={search_term_string}"},"query-input":{"@type":"PropertyValueSpecification","valueRequired":true,"valueName":"search_term_string"}}],"inLanguage":"en-US"},{"@type":"Organization","@id":"https:\/\/www.mantrapharma.ca\/#organization","name":"Mantra Pharma","url":"https:\/\/www.mantrapharma.ca\/","logo":{"@type":"ImageObject","inLanguage":"en-US","@id":"https:\/\/www.mantrapharma.ca\/#\/schema\/logo\/image\/","url":"https:\/\/www.mantrapharma.ca\/wp-content\/uploads\/2024\/02\/Calque_3.svg","contentUrl":"https:\/\/www.mantrapharma.ca\/wp-content\/uploads\/2024\/02\/Calque_3.svg","width":1,"height":1,"caption":"Mantra Pharma"},"image":{"@id":"https:\/\/www.mantrapharma.ca\/#\/schema\/logo\/image\/"},"sameAs":["https:\/\/www.facebook.com\/mantrapharma\/","https:\/\/www.linkedin.com\/company\/mantrapharma\/"]}]}},"_links":{"self":[{"href":"https:\/\/www.mantrapharma.ca\/en\/wp-json\/wp\/v2\/pages\/3001","targetHints":{"allow":["GET"]}}],"collection":[{"href":"https:\/\/www.mantrapharma.ca\/en\/wp-json\/wp\/v2\/pages"}],"about":[{"href":"https:\/\/www.mantrapharma.ca\/en\/wp-json\/wp\/v2\/types\/page"}],"author":[{"embeddable":true,"href":"https:\/\/www.mantrapharma.ca\/en\/wp-json\/wp\/v2\/users\/2"}],"replies":[{"embeddable":true,"href":"https:\/\/www.mantrapharma.ca\/en\/wp-json\/wp\/v2\/comments?post=3001"}],"version-history":[{"count":12,"href":"https:\/\/www.mantrapharma.ca\/en\/wp-json\/wp\/v2\/pages\/3001\/revisions"}],"predecessor-version":[{"id":5976,"href":"https:\/\/www.mantrapharma.ca\/en\/wp-json\/wp\/v2\/pages\/3001\/revisions\/5976"}],"wp:attachment":[{"href":"https:\/\/www.mantrapharma.ca\/en\/wp-json\/wp\/v2\/media?parent=3001"}],"curies":[{"name":"wp","href":"https:\/\/api.w.org\/{rel}","templated":true}]}}